{"id":26364,"date":"2024-04-04T11:52:14","date_gmt":"2024-04-04T08:52:14","guid":{"rendered":"https:\/\/t4t-com-php8.wp-dev.int.theitops.net\/?page_id=26364"},"modified":"2024-06-05T09:55:59","modified_gmt":"2024-06-05T06:55:59","slug":"events","status":"publish","type":"page","link":"https:\/\/www.t4trade.com\/vi\/events\/","title":{"rendered":"S\u1ef1 ki\u1ec7n &amp; T\u00e0i tr\u1ee3"},"content":{"rendered":"<div data-elementor-type=\"wp-page\" data-elementor-id=\"26364\" class=\"elementor elementor-26364\" data-elementor-post-type=\"page\">\n\t\t\t\t<div class=\"elementor-element elementor-element-81b879f e-flex e-con-boxed wpr-particle-no wpr-jarallax-no wpr-parallax-no wpr-sticky-section-no e-con e-parent\" data-id=\"81b879f\" data-element_type=\"container\" data-settings=\"{&quot;background_background&quot;:&quot;classic&quot;}\">\n\t\t\t\t\t<div class=\"e-con-inner\">\n\t\t<div class=\"elementor-element elementor-element-b3bb604 e-con-full e-flex wpr-particle-no wpr-jarallax-no wpr-parallax-no wpr-sticky-section-no e-con e-child\" data-id=\"b3bb604\" data-element_type=\"container\">\n\t\t\t\t<div class=\"elementor-element elementor-element-ec2ee86 elementor-widget elementor-widget-heading\" data-id=\"ec2ee86\" data-element_type=\"widget\" data-widget_type=\"heading.default\">\n\t\t\t\t<div class=\"elementor-widget-container\">\n\t\t\t\t\t<h1 class=\"elementor-heading-title elementor-size-default\">Events &amp; Sponsorships<\/h1>\t\t\t\t<\/div>\n\t\t\t\t<\/div>\n\t\t\t\t<div class=\"elementor-element elementor-element-4f24b01 elementor-widget elementor-widget-heading\" data-id=\"4f24b01\" data-element_type=\"widget\" data-widget_type=\"heading.default\">\n\t\t\t\t<div class=\"elementor-widget-container\">\n\t\t\t\t\t<h2 class=\"elementor-heading-title elementor-size-default translation-block\"><span>\u0110\u1ecbnh h\u00ecnh t\u01b0\u01a1ng lai:<\/span><br>N\u01a1i s\u1ef1 \u01b0u t\u00fa d\u1eabn \u0111\u1ebfn th\u00e0nh c\u00f4ng<\/h2>\t\t\t\t<\/div>\n\t\t\t\t<\/div>\n\t\t\t\t<div class=\"elementor-element elementor-element-b919471 elementor-widget elementor-widget-heading\" data-id=\"b919471\" data-element_type=\"widget\" data-widget_type=\"heading.default\">\n\t\t\t\t<div class=\"elementor-widget-container\">\n\t\t\t\t\t<p class=\"elementor-heading-title elementor-size-default\">At T4Trade, we are all about excellence, success and team spirit. Our Events &amp; Sponsorships library across Middle East and Asia is a perfect reflection of our continuous commitment to innovation and success.<\/p>\t\t\t\t<\/div>\n\t\t\t\t<\/div>\n\t\t\t\t<div class=\"elementor-element elementor-element-abc13fb elementor-widget__width-auto elementor-absolute elementor-hidden-mobile elementor-widget elementor-widget-image\" data-id=\"abc13fb\" data-element_type=\"widget\" data-settings=\"{&quot;_position&quot;:&quot;absolute&quot;,&quot;motion_fx_motion_fx_scrolling&quot;:&quot;yes&quot;,&quot;motion_fx_translateY_effect&quot;:&quot;yes&quot;,&quot;motion_fx_translateY_speed&quot;:{&quot;unit&quot;:&quot;px&quot;,&quot;size&quot;:2,&quot;sizes&quot;:[]},&quot;motion_fx_translateY_affectedRange&quot;:{&quot;unit&quot;:&quot;%&quot;,&quot;size&quot;:&quot;&quot;,&quot;sizes&quot;:{&quot;start&quot;:0,&quot;end&quot;:100}},&quot;motion_fx_devices&quot;:[&quot;desktop&quot;,&quot;tablet&quot;,&quot;mobile&quot;]}\" data-widget_type=\"image.default\">\n\t\t\t\t<div class=\"elementor-widget-container\">\n\t\t\t\t\t\t\t\t\t\t\t\t\t\t\t<img fetchpriority=\"high\" decoding=\"async\" width=\"322\" height=\"356\" src=\"\/wp-content\/uploads\/2024\/04\/calendar-coin-1.png\" class=\"attachment-full size-full wp-image-26399\" alt=\"\" srcset=\"\/wp-content\/uploads\/2024\/04\/calendar-coin-1.png 322w, \/wp-content\/uploads\/2024\/04\/calendar-coin-1-271x300.png 271w, \/wp-content\/uploads\/2024\/04\/calendar-coin-1-11x12.png 11w\" sizes=\"(max-width: 322px) 100vw, 322px\" style=\"width:100%;height:110.56%;max-width:322px\" \/>\t\t\t\t\t\t\t\t\t\t\t\t\t\t\t<\/div>\n\t\t\t\t<\/div>\n\t\t\t\t<div class=\"elementor-element elementor-element-9aaa60d elementor-widget__width-auto elementor-absolute elementor-hidden-mobile elementor-widget elementor-widget-image\" data-id=\"9aaa60d\" data-element_type=\"widget\" data-settings=\"{&quot;_position&quot;:&quot;absolute&quot;,&quot;motion_fx_motion_fx_scrolling&quot;:&quot;yes&quot;,&quot;motion_fx_translateY_effect&quot;:&quot;yes&quot;,&quot;motion_fx_translateY_speed&quot;:{&quot;unit&quot;:&quot;px&quot;,&quot;size&quot;:2,&quot;sizes&quot;:[]},&quot;motion_fx_translateY_affectedRange&quot;:{&quot;unit&quot;:&quot;%&quot;,&quot;size&quot;:&quot;&quot;,&quot;sizes&quot;:{&quot;start&quot;:0,&quot;end&quot;:100}},&quot;motion_fx_devices&quot;:[&quot;desktop&quot;,&quot;tablet&quot;,&quot;mobile&quot;]}\" data-widget_type=\"image.default\">\n\t\t\t\t<div class=\"elementor-widget-container\">\n\t\t\t\t\t\t\t\t\t\t\t\t\t\t\t<img decoding=\"async\" width=\"326\" height=\"306\" src=\"\/wp-content\/uploads\/2024\/04\/play-1.png\" class=\"attachment-full size-full wp-image-26398\" alt=\"\" srcset=\"\/wp-content\/uploads\/2024\/04\/play-1.png 326w, \/wp-content\/uploads\/2024\/04\/play-1-300x282.png 300w, \/wp-content\/uploads\/2024\/04\/play-1-13x12.png 13w\" sizes=\"(max-width: 326px) 100vw, 326px\" style=\"width:100%;height:93.87%;max-width:326px\" \/>\t\t\t\t\t\t\t\t\t\t\t\t\t\t\t<\/div>\n\t\t\t\t<\/div>\n\t\t<div class=\"elementor-element elementor-element-e9592e7 e-con-full elementor-hidden-desktop elementor-hidden-tablet e-flex wpr-particle-no wpr-jarallax-no wpr-parallax-no wpr-sticky-section-no e-con e-child\" data-id=\"e9592e7\" data-element_type=\"container\" data-settings=\"{&quot;position&quot;:&quot;absolute&quot;}\">\n\t\t\t\t<div class=\"elementor-element elementor-element-3f7095d elementor-widget__width-auto elementor-hidden-desktop elementor-hidden-tablet elementor-widget elementor-widget-image\" data-id=\"3f7095d\" data-element_type=\"widget\" data-settings=\"{&quot;motion_fx_motion_fx_scrolling&quot;:&quot;yes&quot;,&quot;motion_fx_translateY_effect&quot;:&quot;yes&quot;,&quot;motion_fx_translateY_speed&quot;:{&quot;unit&quot;:&quot;px&quot;,&quot;size&quot;:2,&quot;sizes&quot;:[]},&quot;motion_fx_translateY_affectedRange&quot;:{&quot;unit&quot;:&quot;%&quot;,&quot;size&quot;:&quot;&quot;,&quot;sizes&quot;:{&quot;start&quot;:0,&quot;end&quot;:100}},&quot;motion_fx_devices&quot;:[&quot;desktop&quot;,&quot;tablet&quot;,&quot;mobile&quot;]}\" data-widget_type=\"image.default\">\n\t\t\t\t<div class=\"elementor-widget-container\">\n\t\t\t\t\t\t\t\t\t\t\t\t\t\t\t<img fetchpriority=\"high\" decoding=\"async\" width=\"322\" height=\"356\" src=\"\/wp-content\/uploads\/2024\/04\/calendar-coin-1.png\" class=\"attachment-full size-full wp-image-26399\" alt=\"\" srcset=\"\/wp-content\/uploads\/2024\/04\/calendar-coin-1.png 322w, \/wp-content\/uploads\/2024\/04\/calendar-coin-1-271x300.png 271w, \/wp-content\/uploads\/2024\/04\/calendar-coin-1-11x12.png 11w\" sizes=\"(max-width: 322px) 100vw, 322px\" style=\"width:100%;height:110.56%;max-width:322px\" \/>\t\t\t\t\t\t\t\t\t\t\t\t\t\t\t<\/div>\n\t\t\t\t<\/div>\n\t\t\t\t<div class=\"elementor-element elementor-element-e381ccd elementor-widget__width-auto elementor-hidden-desktop elementor-hidden-tablet elementor-widget elementor-widget-image\" data-id=\"e381ccd\" data-element_type=\"widget\" data-settings=\"{&quot;motion_fx_motion_fx_scrolling&quot;:&quot;yes&quot;,&quot;motion_fx_translateY_effect&quot;:&quot;yes&quot;,&quot;motion_fx_translateY_speed&quot;:{&quot;unit&quot;:&quot;px&quot;,&quot;size&quot;:2,&quot;sizes&quot;:[]},&quot;motion_fx_translateY_affectedRange&quot;:{&quot;unit&quot;:&quot;%&quot;,&quot;size&quot;:&quot;&quot;,&quot;sizes&quot;:{&quot;start&quot;:0,&quot;end&quot;:100}},&quot;motion_fx_devices&quot;:[&quot;desktop&quot;,&quot;tablet&quot;,&quot;mobile&quot;]}\" data-widget_type=\"image.default\">\n\t\t\t\t<div class=\"elementor-widget-container\">\n\t\t\t\t\t\t\t\t\t\t\t\t\t\t\t<img decoding=\"async\" width=\"326\" height=\"306\" src=\"\/wp-content\/uploads\/2024\/04\/play-1.png\" class=\"attachment-full size-full wp-image-26398\" alt=\"\" srcset=\"\/wp-content\/uploads\/2024\/04\/play-1.png 326w, \/wp-content\/uploads\/2024\/04\/play-1-300x282.png 300w, \/wp-content\/uploads\/2024\/04\/play-1-13x12.png 13w\" sizes=\"(max-width: 326px) 100vw, 326px\" style=\"width:100%;height:93.87%;max-width:326px\" \/>\t\t\t\t\t\t\t\t\t\t\t\t\t\t\t<\/div>\n\t\t\t\t<\/div>\n\t\t\t\t<\/div>\n\t\t\t\t<\/div>\n\t\t\t\t\t<\/div>\n\t\t\t\t<\/div>\n\t\t<div class=\"elementor-element elementor-element-0223688 e-flex e-con-boxed wpr-particle-no wpr-jarallax-no wpr-parallax-no wpr-sticky-section-no e-con e-parent\" data-id=\"0223688\" data-element_type=\"container\">\n\t\t\t\t\t<div class=\"e-con-inner\">\n\t\t\t\t<div class=\"elementor-element elementor-element-da71716 elementor-widget elementor-widget-heading\" data-id=\"da71716\" data-element_type=\"widget\" data-widget_type=\"heading.default\">\n\t\t\t\t<div class=\"elementor-widget-container\">\n\t\t\t\t\t<h2 class=\"elementor-heading-title elementor-size-default\">Our Events &amp; Sponsorships collection<\/h2>\t\t\t\t<\/div>\n\t\t\t\t<\/div>\n\t\t\t\t<div class=\"elementor-element elementor-element-8464b2c elementor-widget elementor-widget-shortcode\" data-id=\"8464b2c\" data-element_type=\"widget\" data-widget_type=\"shortcode.default\">\n\t\t\t\t<div class=\"elementor-widget-container\">\n\t\t\t\t\t\t\t<div class=\"elementor-shortcode\"><div class=\"t4te-events\" id=\"t4te-events\"><\/div><\/div>\n\t\t\t\t\t\t<\/div>\n\t\t\t\t<\/div>\n\t\t\t\t\t<\/div>\n\t\t\t\t<\/div>\n\t\t<div class=\"elementor-element elementor-element-05b132e e-flex e-con-boxed wpr-particle-no wpr-jarallax-no wpr-parallax-no wpr-sticky-section-no e-con e-parent\" data-id=\"05b132e\" data-element_type=\"container\">\n\t\t\t\t\t<div class=\"e-con-inner\">\n\t\t\t\t<div class=\"elementor-element elementor-element-92c411a elementor-widget elementor-widget-heading\" data-id=\"92c411a\" data-element_type=\"widget\" data-widget_type=\"heading.default\">\n\t\t\t\t<div class=\"elementor-widget-container\">\n\t\t\t\t\t<h2 class=\"elementor-heading-title elementor-size-default\">T\u1ea1i sao l\u1ea1i l\u00e0 T4Trade?<\/h2>\t\t\t\t<\/div>\n\t\t\t\t<\/div>\n\t\t<div class=\"elementor-element elementor-element-83109ce e-con-full e-flex wpr-particle-no wpr-jarallax-no wpr-parallax-no wpr-sticky-section-no e-con e-child\" data-id=\"83109ce\" data-element_type=\"container\">\n\t\t\t\t<div class=\"elementor-element elementor-element-8158924 elementor-position-top elementor-widget elementor-widget-image-box\" data-id=\"8158924\" data-element_type=\"widget\" data-widget_type=\"image-box.default\">\n\t\t\t\t<div class=\"elementor-widget-container\">\n\t\t\t\t\t<div class=\"elementor-image-box-wrapper\"><figure class=\"elementor-image-box-img\"><img decoding=\"async\" width=\"194\" height=\"186\" src=\"\/wp-content\/uploads\/2024\/04\/tradable-instruments.png\" class=\"attachment-full size-full wp-image-26472\" alt=\"\" style=\"width:100%;height:95.88%;max-width:194px\" srcset=\"\/wp-content\/uploads\/2024\/04\/tradable-instruments.png 194w, \/wp-content\/uploads\/2024\/04\/tradable-instruments-13x12.png 13w\" sizes=\"(max-width: 194px) 100vw, 194px\" \/><\/figure><div class=\"elementor-image-box-content\"><h3 class=\"elementor-image-box-title\">H\u01a1n 300 c\u00f4ng c\u1ee5 giao d\u1ecbch<\/h3><\/div><\/div>\t\t\t\t<\/div>\n\t\t\t\t<\/div>\n\t\t\t\t<div class=\"elementor-element elementor-element-917d00a elementor-position-top elementor-widget elementor-widget-image-box\" data-id=\"917d00a\" data-element_type=\"widget\" data-widget_type=\"image-box.default\">\n\t\t\t\t<div class=\"elementor-widget-container\">\n\t\t\t\t\t<div class=\"elementor-image-box-wrapper\"><figure class=\"elementor-image-box-img\"><img loading=\"lazy\" decoding=\"async\" width=\"266\" height=\"186\" src=\"\/wp-content\/uploads\/2024\/04\/spreads-from-0-0-pips.png\" class=\"attachment-full size-full wp-image-26512\" alt=\"\" style=\"width:100%;height:69.92%;max-width:266px\" srcset=\"\/wp-content\/uploads\/2024\/04\/spreads-from-0-0-pips.png 266w, \/wp-content\/uploads\/2024\/04\/spreads-from-0-0-pips-18x12.png 18w\" sizes=\"(max-width: 266px) 100vw, 266px\" \/><\/figure><div class=\"elementor-image-box-content\"><h3 class=\"elementor-image-box-title\">Ch\u00eanh l\u1ec7ch gi\u00e1 t\u1eeb 0,0 pip<\/h3><\/div><\/div>\t\t\t\t<\/div>\n\t\t\t\t<\/div>\n\t\t\t\t<div class=\"elementor-element elementor-element-702c53a elementor-position-top elementor-widget elementor-widget-image-box\" data-id=\"702c53a\" data-element_type=\"widget\" data-widget_type=\"image-box.default\">\n\t\t\t\t<div class=\"elementor-widget-container\">\n\t\t\t\t\t<div class=\"elementor-image-box-wrapper\"><figure class=\"elementor-image-box-img\"><img loading=\"lazy\" decoding=\"async\" width=\"200\" height=\"186\" src=\"\/wp-content\/uploads\/2024\/04\/fast-execution.png\" class=\"attachment-full size-full wp-image-26513\" alt=\"\" style=\"width:100%;height:93%;max-width:200px\" srcset=\"\/wp-content\/uploads\/2024\/04\/fast-execution.png 200w, \/wp-content\/uploads\/2024\/04\/fast-execution-13x12.png 13w\" sizes=\"(max-width: 200px) 100vw, 200px\" \/><\/figure><div class=\"elementor-image-box-content\"><h3 class=\"elementor-image-box-title\">Kh\u1edbp l\u1ec7nh nhanh<\/h3><\/div><\/div>\t\t\t\t<\/div>\n\t\t\t\t<\/div>\n\t\t\t\t<div class=\"elementor-element elementor-element-e26990e elementor-position-top elementor-widget elementor-widget-image-box\" data-id=\"e26990e\" data-element_type=\"widget\" data-widget_type=\"image-box.default\">\n\t\t\t\t<div class=\"elementor-widget-container\">\n\t\t\t\t\t<div class=\"elementor-image-box-wrapper\"><figure class=\"elementor-image-box-img\"><img loading=\"lazy\" decoding=\"async\" width=\"198\" height=\"186\" src=\"\/wp-content\/uploads\/2024\/04\/world-class-platforms-and-mobile-apps.png\" class=\"attachment-full size-full wp-image-26516\" alt=\"\" style=\"width:100%;height:93.94%;max-width:198px\" srcset=\"\/wp-content\/uploads\/2024\/04\/world-class-platforms-and-mobile-apps.png 198w, \/wp-content\/uploads\/2024\/04\/world-class-platforms-and-mobile-apps-13x12.png 13w\" sizes=\"(max-width: 198px) 100vw, 198px\" \/><\/figure><div class=\"elementor-image-box-content\"><h3 class=\"elementor-image-box-title translation-block\">N\u1ec1n t\u1ea3ng &amp; \u1ee9ng d\u1ee5ng di \u0111\u1ed9ng h\u00e0ng \u0111\u1ea7u th\u1ebf gi\u1edbi<\/h3><\/div><\/div>\t\t\t\t<\/div>\n\t\t\t\t<\/div>\n\t\t\t\t<div class=\"elementor-element elementor-element-1eff52d elementor-position-top elementor-widget elementor-widget-image-box\" data-id=\"1eff52d\" data-element_type=\"widget\" data-widget_type=\"image-box.default\">\n\t\t\t\t<div class=\"elementor-widget-container\">\n\t\t\t\t\t<div class=\"elementor-image-box-wrapper\"><figure class=\"elementor-image-box-img\"><img loading=\"lazy\" decoding=\"async\" width=\"192\" height=\"186\" src=\"\/wp-content\/uploads\/2024\/04\/flexible-leverage.png\" class=\"attachment-full size-full wp-image-26515\" alt=\"\" style=\"width:100%;height:96.88%;max-width:192px\" srcset=\"\/wp-content\/uploads\/2024\/04\/flexible-leverage.png 192w, \/wp-content\/uploads\/2024\/04\/flexible-leverage-12x12.png 12w\" sizes=\"(max-width: 192px) 100vw, 192px\" \/><\/figure><div class=\"elementor-image-box-content\"><h3 class=\"elementor-image-box-title translation-block\">\u0110\u00f2n b\u1ea9y linh ho\u1ea1t<br> l\u00ean t\u1edbi 1:1000<\/h3><\/div><\/div>\t\t\t\t<\/div>\n\t\t\t\t<\/div>\n\t\t\t\t<div class=\"elementor-element elementor-element-a9a3a80 elementor-position-top elementor-widget elementor-widget-image-box\" data-id=\"a9a3a80\" data-element_type=\"widget\" data-widget_type=\"image-box.default\">\n\t\t\t\t<div class=\"elementor-widget-container\">\n\t\t\t\t\t<div class=\"elementor-image-box-wrapper\"><figure class=\"elementor-image-box-img\"><img loading=\"lazy\" decoding=\"async\" width=\"174\" height=\"186\" src=\"\/wp-content\/uploads\/2024\/04\/t4trade-academy-educational-resources.png\" class=\"attachment-full size-full wp-image-26514\" alt=\"\" style=\"width:100%;height:106.9%;max-width:174px\" srcset=\"\/wp-content\/uploads\/2024\/04\/t4trade-academy-educational-resources.png 174w, \/wp-content\/uploads\/2024\/04\/t4trade-academy-educational-resources-11x12.png 11w\" sizes=\"(max-width: 174px) 100vw, 174px\" \/><\/figure><div class=\"elementor-image-box-content\"><h3 class=\"elementor-image-box-title translation-block\">T\u00e0i li\u1ec7u \u0111\u00e0o t\u1ea1o t\u1eeb H\u1ecdc vi\u1ec7n T4Trade<\/h3><\/div><\/div>\t\t\t\t<\/div>\n\t\t\t\t<\/div>\n\t\t\t\t<\/div>\n\t\t\t\t\t<\/div>\n\t\t\t\t<\/div>\n\t\t\t\t<\/div>","protected":false},"excerpt":{"rendered":"<p>Events &amp; Sponsorships Shaping the future: Where excellence meets success At T4Trade, we are all about excellence, success&#8230;<\/p>","protected":false},"author":1,"featured_media":0,"parent":0,"menu_order":0,"comment_status":"closed","ping_status":"closed","template":"elementor_header_footer","meta":{"_acf_changed":false,"inline_featured_image":false,"footnotes":""},"class_list":["post-26364","page","type-page","status-publish","hentry","entry"],"acf":[],"yoast_head":"<!-- This site is optimized with the Yoast SEO Premium plugin v26.2 (Yoast SEO v26.5) - https:\/\/yoast.com\/wordpress\/plugins\/seo\/ -->\n<title>T4Trade Events &amp; Sponsorships - Stay Updated on Events<\/title>\n<meta name=\"description\" content=\"From Traders Fair to iFX Expo and more, T4Trade has attended and sponsored well-esteemed events across Middle East and Asia.\" \/>\n<meta name=\"robots\" content=\"index, follow, max-snippet:-1, max-image-preview:large, max-video-preview:-1\" \/>\n<link rel=\"canonical\" href=\"https:\/\/www.t4trade.com\/vi\/wp-json\/wp\/v2\/pages\/26364\/\" \/>\n<meta property=\"og:locale\" content=\"vi_VN\" \/>\n<meta property=\"og:type\" content=\"article\" \/>\n<meta property=\"og:title\" content=\"Events &amp; Sponsorships\" \/>\n<meta property=\"og:description\" content=\"From Traders Fair to iFX Expo and more, T4Trade has attended and sponsored well-esteemed events across Middle East and Asia.\" \/>\n<meta property=\"og:url\" content=\"https:\/\/www.t4trade.com\/vi\/events\/\" \/>\n<meta property=\"og:site_name\" content=\"T4Trade\" \/>\n<meta property=\"article:modified_time\" content=\"2024-06-05T06:55:59+00:00\" \/>\n<meta name=\"twitter:card\" content=\"summary_large_image\" \/>\n<meta name=\"twitter:label1\" content=\"\u01af\u1edbc t\u00ednh th\u1eddi gian \u0111\u1ecdc\" \/>\n\t<meta name=\"twitter:data1\" content=\"3 ph\u00fat\" \/>\n<script type=\"application\/ld+json\" class=\"yoast-schema-graph\">{\"@context\":\"https:\/\/schema.org\",\"@graph\":[{\"@type\":\"WebPage\",\"@id\":\"https:\/\/www.t4trade.com\/vi\/events\/\",\"url\":\"https:\/\/www.t4trade.com\/vi\/events\/\",\"name\":\"T4Trade Events & Sponsorships - Stay Updated on Events\",\"isPartOf\":{\"@id\":\"https:\/\/www.t4trade.com\/vi\/#website\"},\"datePublished\":\"2024-04-04T08:52:14+00:00\",\"dateModified\":\"2024-06-05T06:55:59+00:00\",\"description\":\"From Traders Fair to iFX Expo and more, T4Trade has attended and sponsored well-esteemed events across Middle East and Asia.\",\"breadcrumb\":{\"@id\":\"https:\/\/www.t4trade.com\/vi\/events\/#breadcrumb\"},\"inLanguage\":\"vi\",\"potentialAction\":[{\"@type\":\"ReadAction\",\"target\":[\"https:\/\/www.t4trade.com\/vi\/events\/\"]}]},{\"@type\":\"BreadcrumbList\",\"@id\":\"https:\/\/www.t4trade.com\/vi\/events\/#breadcrumb\",\"itemListElement\":[{\"@type\":\"ListItem\",\"position\":1,\"name\":\"Home\",\"item\":\"https:\/\/www.t4trade.com\/vi\/\"},{\"@type\":\"ListItem\",\"position\":2,\"name\":\"Events &#038; Sponsorships\"}]},{\"@type\":\"WebSite\",\"@id\":\"https:\/\/www.t4trade.com\/vi\/#website\",\"url\":\"https:\/\/www.t4trade.com\/vi\/\",\"name\":\"T4Trade\",\"description\":\"\",\"publisher\":{\"@id\":\"https:\/\/www.t4trade.com\/vi\/#organization\"},\"potentialAction\":[{\"@type\":\"SearchAction\",\"target\":{\"@type\":\"EntryPoint\",\"urlTemplate\":\"https:\/\/www.t4trade.com\/vi\/?s={search_term_string}\"},\"query-input\":{\"@type\":\"PropertyValueSpecification\",\"valueRequired\":true,\"valueName\":\"search_term_string\"}}],\"inLanguage\":\"vi\"},{\"@type\":\"Organization\",\"@id\":\"https:\/\/www.t4trade.com\/vi\/#organization\",\"name\":\"T4Trade\",\"url\":\"https:\/\/www.t4trade.com\/vi\/\",\"logo\":{\"@type\":\"ImageObject\",\"inLanguage\":\"vi\",\"@id\":\"https:\/\/www.t4trade.com\/vi\/#\/schema\/logo\/image\/\",\"url\":\"\/wp-content\/uploads\/2021\/10\/Group.svg\",\"contentUrl\":\"\/wp-content\/uploads\/2021\/10\/Group.svg\",\"width\":145,\"height\":33,\"caption\":\"T4Trade\"},\"image\":{\"@id\":\"https:\/\/www.t4trade.com\/vi\/#\/schema\/logo\/image\/\"}}]}<\/script>\n<!-- \/ Yoast SEO Premium plugin. -->","yoast_head_json":{"title":"S\u1ef1 Ki\u1ec7n &amp; T\u00e0i Tr\u1ee3 c\u1ee7a T4Trade - C\u1eadp Nh\u1eadt v\u1ec1 S\u1ef1 Ki\u1ec7n.","description":"T4Trade \u0111\u00e3 tham d\u1ef1 v\u00e0 l\u00e0 nh\u00e0 t\u00e0i tr\u1ee3 cho nhi\u1ec1u s\u1ef1 ki\u1ec7n danh gi\u00e1 \u1edf kh\u1eafp Trung \u0110\u00f4ng v\u00e0 ch\u00e2u \u00c1, bao g\u1ed3m Traders Fair, iFX Expo, v\u00e0 nhi\u1ec1u s\u1ef1 ki\u1ec7n kh\u00e1c.","robots":{"index":"index","follow":"follow","max-snippet":"max-snippet:-1","max-image-preview":"max-image-preview:large","max-video-preview":"max-video-preview:-1"},"canonical":"https:\/\/www.t4trade.com\/vi\/wp-json\/wp\/v2\/pages\/26364\/","og_locale":"vi_VN","og_type":"article","og_title":"Events & Sponsorships","og_description":"From Traders Fair to iFX Expo and more, T4Trade has attended and sponsored well-esteemed events across Middle East and Asia.","og_url":"https:\/\/www.t4trade.com\/vi\/events\/","og_site_name":"T4Trade","article_modified_time":"2024-06-05T06:55:59+00:00","twitter_card":"summary_large_image","twitter_misc":{"\u01af\u1edbc t\u00ednh th\u1eddi gian \u0111\u1ecdc":"3 ph\u00fat"},"schema":{"@context":"https:\/\/schema.org","@graph":[{"@type":"WebPage","@id":"https:\/\/www.t4trade.com\/vi\/events\/","url":"https:\/\/www.t4trade.com\/vi\/events\/","name":"S\u1ef1 Ki\u1ec7n &amp; T\u00e0i Tr\u1ee3 c\u1ee7a T4Trade - C\u1eadp Nh\u1eadt v\u1ec1 S\u1ef1 Ki\u1ec7n.","isPartOf":{"@id":"https:\/\/www.t4trade.com\/vi\/#website"},"datePublished":"2024-04-04T08:52:14+00:00","dateModified":"2024-06-05T06:55:59+00:00","description":"T4Trade \u0111\u00e3 tham d\u1ef1 v\u00e0 l\u00e0 nh\u00e0 t\u00e0i tr\u1ee3 cho nhi\u1ec1u s\u1ef1 ki\u1ec7n danh gi\u00e1 \u1edf kh\u1eafp Trung \u0110\u00f4ng v\u00e0 ch\u00e2u \u00c1, bao g\u1ed3m Traders Fair, iFX Expo, v\u00e0 nhi\u1ec1u s\u1ef1 ki\u1ec7n kh\u00e1c.","breadcrumb":{"@id":"https:\/\/www.t4trade.com\/vi\/events\/#breadcrumb"},"inLanguage":"vi","potentialAction":[{"@type":"ReadAction","target":["https:\/\/www.t4trade.com\/vi\/events\/"]}]},{"@type":"BreadcrumbList","@id":"https:\/\/www.t4trade.com\/vi\/events\/#breadcrumb","itemListElement":[{"@type":"ListItem","position":1,"name":"Home","item":"https:\/\/www.t4trade.com\/vi\/"},{"@type":"ListItem","position":2,"name":"Events &#038; Sponsorships"}]},{"@type":"WebSite","@id":"https:\/\/www.t4trade.com\/vi\/#website","url":"https:\/\/www.t4trade.com\/vi\/","name":"T4Trade","description":"","publisher":{"@id":"https:\/\/www.t4trade.com\/vi\/#organization"},"potentialAction":[{"@type":"SearchAction","target":{"@type":"EntryPoint","urlTemplate":"https:\/\/www.t4trade.com\/vi\/?s={search_term_string}"},"query-input":{"@type":"PropertyValueSpecification","valueRequired":true,"valueName":"search_term_string"}}],"inLanguage":"vi"},{"@type":"Organization","@id":"https:\/\/www.t4trade.com\/vi\/#organization","name":"T4Trade","url":"https:\/\/www.t4trade.com\/vi\/","logo":{"@type":"ImageObject","inLanguage":"vi","@id":"https:\/\/www.t4trade.com\/vi\/#\/schema\/logo\/image\/","url":"\/wp-content\/uploads\/2021\/10\/Group.svg","contentUrl":"\/wp-content\/uploads\/2021\/10\/Group.svg","width":145,"height":33,"caption":"T4Trade"},"image":{"@id":"https:\/\/www.t4trade.com\/vi\/#\/schema\/logo\/image\/"}}]}},"_links":{"self":[{"href":"https:\/\/www.t4trade.com\/vi\/wp-json\/wp\/v2\/pages\/26364","targetHints":{"allow":["GET"]}}],"collection":[{"href":"https:\/\/www.t4trade.com\/vi\/wp-json\/wp\/v2\/pages"}],"about":[{"href":"https:\/\/www.t4trade.com\/vi\/wp-json\/wp\/v2\/types\/page"}],"author":[{"embeddable":true,"href":"https:\/\/www.t4trade.com\/vi\/wp-json\/wp\/v2\/users\/1"}],"replies":[{"embeddable":true,"href":"https:\/\/www.t4trade.com\/vi\/wp-json\/wp\/v2\/comments?post=26364"}],"version-history":[{"count":10,"href":"https:\/\/www.t4trade.com\/vi\/wp-json\/wp\/v2\/pages\/26364\/revisions"}],"predecessor-version":[{"id":28362,"href":"https:\/\/www.t4trade.com\/vi\/wp-json\/wp\/v2\/pages\/26364\/revisions\/28362"}],"wp:attachment":[{"href":"https:\/\/www.t4trade.com\/vi\/wp-json\/wp\/v2\/media?parent=26364"}],"curies":[{"name":"wp","href":"https:\/\/api.w.org\/{rel}","templated":true}]}}